{"id":38759,"date":"2025-04-30T14:45:33","date_gmt":"2025-04-30T09:15:33","guid":{"rendered":"https:\/\/www.cryptominerbros.com\/?post_type=product&#038;p=38759"},"modified":"2026-03-26T11:31:19","modified_gmt":"2026-03-26T06:01:19","slug":"microbt-whatsminer-p221-replacement-power-supply","status":"publish","type":"product","link":"https:\/\/www.cryptominerbros.com\/es\/product\/microbt-whatsminer-p221-replacement-power-supply\/","title":{"rendered":"Fuente de alimentaci\u00f3n de repuesto para MicroBT Whatsminer P221"},"content":{"rendered":"<p class=\"translation-block\">La fuente de alimentaci\u00f3n <strong>Whatsminer P221<\/strong> est\u00e1 dise\u00f1ada para el (minero de las series M20, M30, M31, M32, M30S, M30S+, M30S++, M50), proporcionando una salida estable de 12\u202fV con una entrada de 220-240\u202fV. Est\u00e1 dise\u00f1ada para la eficiencia, mejorando el rendimiento y garantizando una alimentaci\u00f3n confiable para operaciones de miner\u00eda exigentes.<\/p>\n<h4>Especificaciones<\/h4>\n<ul>\n<li>P\/N: P221C-12-3300-C-V01<\/li>\n<li>Aporte : 220-240VAC 50\/60Hz 16A m\u00e1x<\/li>\n<li>Producci\u00f3n: 12V-265A 12V 15A<\/li>\n<\/ul>","protected":false},"excerpt":{"rendered":"<table class=\"title-box\" data-v-42215f76=\"\">\r\n<tbody>\r\n<tr data-v-42215f76=\"\">\r\n<td data-v-42215f76=\"\"><span data-v-42215f76=\"\"><strong>Whatsminer P221B :<\/strong> M60, M60S, M30S++, M50, M50S, M50S+, M50S++, M30S, M30S+, M31S+\r\n<strong>Whatsminer P221C :<\/strong> M20, M30, M31, M32, M30S, M30S+, M30S++, M50<\/span><\/td>\r\n<\/tr>\r\n<\/tbody>\r\n<\/table>\r\n&nbsp;","protected":false},"featured_media":38763,"comment_status":"open","ping_status":"closed","template":"","meta":{"_acf_changed":false,"content-type":""},"product_brand":[],"product_cat":[963,71],"product_tag":[],"class_list":{"0":"post-38759","1":"product","2":"type-product","3":"status-publish","4":"has-post-thumbnail","6":"product_cat-power-supply","7":"product_cat-accessories","9":"first","10":"instock","11":"shipping-taxable","12":"purchasable","13":"product-type-variable","14":"has-default-attributes"},"acf":[],"_links":{"self":[{"href":"https:\/\/www.cryptominerbros.com\/es\/wp-json\/wp\/v2\/product\/38759","targetHints":{"allow":["GET"]}}],"collection":[{"href":"https:\/\/www.cryptominerbros.com\/es\/wp-json\/wp\/v2\/product"}],"about":[{"href":"https:\/\/www.cryptominerbros.com\/es\/wp-json\/wp\/v2\/types\/product"}],"replies":[{"embeddable":true,"href":"https:\/\/www.cryptominerbros.com\/es\/wp-json\/wp\/v2\/comments?post=38759"}],"wp:featuredmedia":[{"embeddable":true,"href":"https:\/\/www.cryptominerbros.com\/es\/wp-json\/wp\/v2\/media\/38763"}],"wp:attachment":[{"href":"https:\/\/www.cryptominerbros.com\/es\/wp-json\/wp\/v2\/media?parent=38759"}],"wp:term":[{"taxonomy":"product_brand","embeddable":true,"href":"https:\/\/www.cryptominerbros.com\/es\/wp-json\/wp\/v2\/product_brand?post=38759"},{"taxonomy":"product_cat","embeddable":true,"href":"https:\/\/www.cryptominerbros.com\/es\/wp-json\/wp\/v2\/product_cat?post=38759"},{"taxonomy":"product_tag","embeddable":true,"href":"https:\/\/www.cryptominerbros.com\/es\/wp-json\/wp\/v2\/product_tag?post=38759"}],"curies":[{"name":"wp","href":"https:\/\/api.w.org\/{rel}","templated":true}]}}