{"id":28474,"date":"2024-04-24T14:35:14","date_gmt":"2024-04-24T09:05:14","guid":{"rendered":"https:\/\/www.cryptominerbros.com\/?post_type=product&#038;p=28474"},"modified":"2026-03-26T12:34:49","modified_gmt":"2026-03-26T07:04:49","slug":"canaan-avalon-nano-3-home-miner-4th-s","status":"publish","type":"product","link":"https:\/\/www.cryptominerbros.com\/es\/product\/canaan-avalon-nano-3-home-miner-4th-s\/","title":{"rendered":"Canaan Avalon Nano 3 Home Miner (4Th\/s)"},"content":{"rendered":"<p class=\"translation-block\">El <strong>Avalon Nano 3<\/strong> es fabricado por <strong>Canaan<\/strong> y Es un peque\u00f1o calentador port\u00e1til que ejecuta una tasa de hash m\u00e1xima de <strong>4Th\/s<\/strong> para un consumo de energ\u00eda de solo <strong>400W<\/strong>.<\/p>\n<h4>Especificaciones<\/h4>\n<table class=\"table table-striped\">\n<tbody>\n<tr>\n<th scope=\"row\">Fabricante<\/th>\n<td>Canaan<\/td>\n<\/tr>\n<tr>\n<th scope=\"row\">Modelo<\/th>\n<td>Avalon Nano 3<\/td>\n<\/tr>\n<tr>\n<th scope=\"row\">Tama\u00f1o<\/th>\n<td>205 x 115 x 57mm<\/td>\n<\/tr>\n<tr>\n<th scope=\"row\">Peso<\/th>\n<td>725g<\/td>\n<\/tr>\n<tr>\n<th scope=\"row\">Nivel de sonido<\/th>\n<td>33-36db<\/td>\n<\/tr>\n<tr>\n<th scope=\"row\">Potencia<\/th>\n<td>140W<\/td>\n<\/tr>\n<tr>\n<th scope=\"row\">Eficiencia energ\u00e9tica<\/th>\n<td>29j\/Th<\/td>\n<\/tr>\n<tr>\n<th scope=\"row\">Voltaje<\/th>\n<td>28V<\/td>\n<\/tr>\n<tr>\n<th scope=\"row\">hercios<\/th>\n<td>50\/60Hz<\/td>\n<\/tr>\n<tr>\n<th scope=\"row\">Temperatura<\/th>\n<td>40-60\u00b0C<\/td>\n<\/tr>\n<tr>\n<th scope=\"row\">Humedad<\/th>\n<td>0-90%<\/td>\n<\/tr>\n<\/tbody>\n<\/table>\n<p><b>\u00a0<\/b><\/p>","protected":false},"excerpt":{"rendered":"Avalon Nano 3 Is Manufactured By Canaan\u00a0And it&#8217;s portable small heater\u00a0which running maximum hashrate of 4Th\/s\u00a0for a power consumption of only 140W. Specifications Manufacturer Canaan Model Avalon Nano 3 Size 205 x 115 x 57mm Weight 725g Noise level 33-36db Power 140W Power Efficiency 29j\/Th Voltage 28V Hertz 50\/60Hz Temperature 40-60\u00b0C Humidity 0-90% \u00a0","protected":false},"featured_media":28525,"comment_status":"open","ping_status":"closed","template":"","meta":{"_acf_changed":false,"content-type":""},"product_brand":[],"product_cat":[66,970,184],"product_tag":[],"class_list":{"0":"post-28474","1":"product","2":"type-product","3":"status-publish","4":"has-post-thumbnail","6":"product_cat-asicminers","7":"product_cat-home-miners","8":"product_cat-sha-256-miner","9":"product-brands-canaan-avalon","11":"first","12":"instock","13":"featured","14":"shipping-taxable","15":"purchasable","16":"product-type-variable","17":"has-default-attributes"},"acf":[],"_links":{"self":[{"href":"https:\/\/www.cryptominerbros.com\/es\/wp-json\/wp\/v2\/product\/28474","targetHints":{"allow":["GET"]}}],"collection":[{"href":"https:\/\/www.cryptominerbros.com\/es\/wp-json\/wp\/v2\/product"}],"about":[{"href":"https:\/\/www.cryptominerbros.com\/es\/wp-json\/wp\/v2\/types\/product"}],"replies":[{"embeddable":true,"href":"https:\/\/www.cryptominerbros.com\/es\/wp-json\/wp\/v2\/comments?post=28474"}],"wp:featuredmedia":[{"embeddable":true,"href":"https:\/\/www.cryptominerbros.com\/es\/wp-json\/wp\/v2\/media\/28525"}],"wp:attachment":[{"href":"https:\/\/www.cryptominerbros.com\/es\/wp-json\/wp\/v2\/media?parent=28474"}],"wp:term":[{"taxonomy":"product_brand","embeddable":true,"href":"https:\/\/www.cryptominerbros.com\/es\/wp-json\/wp\/v2\/product_brand?post=28474"},{"taxonomy":"product_cat","embeddable":true,"href":"https:\/\/www.cryptominerbros.com\/es\/wp-json\/wp\/v2\/product_cat?post=28474"},{"taxonomy":"product_tag","embeddable":true,"href":"https:\/\/www.cryptominerbros.com\/es\/wp-json\/wp\/v2\/product_tag?post=28474"}],"curies":[{"name":"wp","href":"https:\/\/api.w.org\/{rel}","templated":true}]}}