{"id":916,"date":"2017-08-11T06:15:42","date_gmt":"2017-08-11T06:15:42","guid":{"rendered":"https:\/\/demo.thembay.com\/cena\/?page_id=916"},"modified":"2025-12-29T14:03:29","modified_gmt":"2025-12-29T08:33:29","slug":"home-6","status":"publish","type":"page","link":"https:\/\/www.cryptominerbros.com\/es\/","title":{"rendered":"Hogar"},"content":{"rendered":"<h6>ABOUT THE STORE<\/h6>\n<h1><strong>ABOUT CRYPTO MINER BROS<\/strong><\/h1>\n<p>Crypto Miner Bros con sede en Hong Kong, es uno de los mayores distribuidores de equipos de minado en ventas fuera de l\u00ednea. Somos un equipo de profesionales con experiencia en gesti\u00f3n de Blockchain, ventas fuera de l\u00ednea, comercio electr\u00f3nico y miner\u00eda de criptomonedas.<\/p>\n<p>Seeing the current scenario and based on the past experience it is very difficult for the International Buyer to get the product hassle free. It is very hard to find authentic hardware in the Mining Industry. We deal into brands like Bitmain, Innosilicon, Baikal, IBeLink and Whatsminer. We looking into our customers comfort by providing them proper information on products current rates and availability in this fluctuating market. We are partnered with various suppliers in China and Hong Kong. Our ultimate goal to give the best service and authentic mining products at reasonable prices with superfast delivery.<\/p>\n<p><a href=\"https:\/\/www.cryptominerbros.com\/es\/quienes-somos\/\">Read More<\/a><\/p>","protected":false},"excerpt":{"rendered":"ABOUT THE STORE ABOUT CRYPTO MINER BROS Crypto Miner Bros headquartered in Hong Kong is one of the largest miner distributors into offline sales. We are a team of professionals with an experience into Blockchain Management, Offline Sales, E-Commerce and Cryptocurrency Mining. Seeing the current scenario and based on the past experience it is very&#8230; <a class=\"view-article\" href=\"https:\/\/www.cryptominerbros.com\/es\/\">View Article<\/a>","protected":false},"author":2993,"featured_media":17355,"parent":0,"menu_order":9,"comment_status":"closed","ping_status":"closed","template":"page-template\/front-page.php","meta":{"_acf_changed":false,"content-type":"","footnotes":""},"class_list":["post-916","page","type-page","status-publish","has-post-thumbnail","hentry"],"acf":[],"_links":{"self":[{"href":"https:\/\/www.cryptominerbros.com\/es\/wp-json\/wp\/v2\/pages\/916","targetHints":{"allow":["GET"]}}],"collection":[{"href":"https:\/\/www.cryptominerbros.com\/es\/wp-json\/wp\/v2\/pages"}],"about":[{"href":"https:\/\/www.cryptominerbros.com\/es\/wp-json\/wp\/v2\/types\/page"}],"author":[{"embeddable":true,"href":"https:\/\/www.cryptominerbros.com\/es\/wp-json\/wp\/v2\/users\/2993"}],"replies":[{"embeddable":true,"href":"https:\/\/www.cryptominerbros.com\/es\/wp-json\/wp\/v2\/comments?post=916"}],"version-history":[{"count":67,"href":"https:\/\/www.cryptominerbros.com\/es\/wp-json\/wp\/v2\/pages\/916\/revisions"}],"predecessor-version":[{"id":45084,"href":"https:\/\/www.cryptominerbros.com\/es\/wp-json\/wp\/v2\/pages\/916\/revisions\/45084"}],"wp:featuredmedia":[{"embeddable":true,"href":"https:\/\/www.cryptominerbros.com\/es\/wp-json\/wp\/v2\/media\/17355"}],"wp:attachment":[{"href":"https:\/\/www.cryptominerbros.com\/es\/wp-json\/wp\/v2\/media?parent=916"}],"curies":[{"name":"wp","href":"https:\/\/api.w.org\/{rel}","templated":true}]}}