{"id":2280,"date":"2018-08-23T08:24:38","date_gmt":"2018-08-23T08:24:38","guid":{"rendered":"http:\/\/www.www.cryptominerbros.com\/newweb\/terms-and-conditions\/"},"modified":"2025-10-04T09:52:39","modified_gmt":"2025-10-04T04:22:39","slug":"terms-and-conditions","status":"publish","type":"page","link":"https:\/\/www.cryptominerbros.com\/es\/terms-and-conditions\/","title":{"rendered":"T\u00e9rminos y Condiciones"},"content":{"rendered":"<h1 class=\"d-none\">T\u00e9rminos y Condiciones<\/h1>\n<h3 style=\"text-align: left;\">Condiciones del programa de afiliados de CRYPTOMINER BROS<\/h3>\n<h4 style=\"text-align: left;\">Acuerdo<\/h4>\n<p style=\"text-align: left;\">Al ingresar para ser un Afiliado en el Programa de Afiliados de CRYPTOMINER BROS (\u201cPrograma\u201d) usted est\u00e1 de acuerdo en estar vinculado por los siguientes t\u00e9rminos y condiciones (\u201cT\u00e9rminos de Servicio\u201d).<\/p>\n<p style=\"text-align: left;\" class=\"translation-block\"><strong>CRYPTOMINER BROS<\/strong> se reserva el derecho de actualizar y cambiar los T\u00e9rminos de Servicio peri\u00f3dicamente sin previo aviso. Cualquier nueva caracter\u00edstica que aumente el Programa actual, incluyendo la liberaci\u00f3n de nuevas herramientas y recursos, deber\u00e1 estar sujeta a los T\u00e9rminos de Servicio. El uso continuo del programa despu\u00e9s de dichos cambios constituir\u00e1 su consentimiento de dichos cambios.<\/p>\n<p style=\"text-align: left;\">La violaci\u00f3n de los t\u00e9rminos mostrados abajo resultar\u00e1 en la terminaci\u00f3n de su Cuenta y la p\u00e9rdida de los pagos de comisiones de afiliaci\u00f3n pendientes obtenidos durante la infracci\u00f3n. Usted acepta utilizar el Programa de Afiliados bajo su propia responsabilidad.<\/p>\n<hr \/>\n<h3>T\u00e9rminos de la cuenta<\/h3>\n<ul style=\"text-align: left;\">\n<li>Debe tener 18 a\u00f1os o m\u00e1s para formar parte de este Programa.<\/li>\n<li>Debe vivir en Estados Unidos para ser afiliado.<\/li>\n<li>Debe ser un ser humano. Las cuentas registradas por \"bots\" u otros m\u00e9todos automatizados no est\u00e1n permitidas.<\/li>\n<li>Debe proporcionar su nombre completo legal, una direcci\u00f3n de correo electr\u00f3nico v\u00e1lida y cualquier otra informaci\u00f3n solicitada para completar el proceso de registro.<\/li>\n<li>Su nombre de usuario s\u00f3lo puede ser utilizado por una persona; no se permite un \u00fanico nombre de usuario compartido por varias personas.<\/li>\n<li>Usted es responsable por mantener la seguridad de su cuenta y contrase\u00f1a. <strong><strong>CRYPTOMINER BROS<\/strong><\/strong> no puede ser responsable por cualquier da\u00f1o y p\u00e9rdida de su fallo en cumplir con esta obligaci\u00f3n de seguridad.<\/li>\n<li>Usted es responsable de todo el Contenido publicado y la actividad que ocurra bajo su cuenta.<\/li>\n<li>Una persona o entidad legal no puede mantener m\u00e1s de una cuenta.<\/li>\n<li>No se puede utilizar el Programa de Afiliaci\u00f3n para ning\u00fan prop\u00f3sito ilegal o no autorizado. Usted no debe, en el uso del Servicio, violar ninguna ley en su jurisdicci\u00f3n (incluyendo pero no limitado a las leyes de derechos de autor).<\/li>\n<li class=\"translation-block\">No puede utilizar el Programa de Afiliaci\u00f3n para ganar dinero por su propia cuenta con productos de <strong>CRYPTOMINER BROS<\/strong>.<\/li>\n<\/ul>\n<hr \/>\n<h3>Enlaces \/gr\u00e1ficos en su sitio, en sus correos electr\u00f3nicos u otras comunicaciones<\/h3>\n<p style=\"text-align: left;\" class=\"translation-block\">Una vez que ha ingresado al Programa de Afiliados, se le asignar\u00e1 un C\u00f3digo \u00danico de Afiliado. Se le permitir\u00e1 colocar enlaces, carteles u otros gr\u00e1ficos que proporcionamos con su C\u00f3digo de Afiliado en su sitio, en sus correos electr\u00f3nicos u otras comunicaciones. Le proporcionaremos gu\u00edas, estilos de enlaces y trabajo gr\u00e1fico para usar en su enlace a <strong>CRYPTOMINER BROS<\/strong>. Podr\u00edamos cambiar el dise\u00f1o del arte en cualquier momento, sin aviso, pero no cambiaremos las dimensiones de las im\u00e1genes sin el debido aviso.<\/p>\n<p style=\"text-align: left;\" class=\"translation-block\">Para permitir un rastreo preciso, la presentaci\u00f3n de informes y la acumulaci\u00f3n de comisiones de referencia, le proporcionaremos formatos de enlace especiales que se utilizar\u00e1n en todos los enlaces entre su sitio y <strong>CRYPTOMINER BROS<\/strong>. Deber\u00e1 asegurarse de que cada uno de los enlaces entre su sitio y <strong>CRYPTOMINER BROS<\/strong> utiliza adecuadamente dichos formatos especiales de enlace. Los enlaces a <strong>CRYPTOMINER BROS<\/strong> colocados en su sitio en virtud de este Acuerdo y que utilizan correctamente dichos formatos de enlace especiales se denominan \"Enlaces especiales\". Usted ganar\u00e1 honorarios de referencia s\u00f3lo con respecto a las ventas de un producto de <strong>CRYPTOMINER BROS<\/strong> que se produzcan directamente a trav\u00e9s de los Enlaces Especiales; no seremos responsables ante usted con respecto a cualquier fallo por su parte o por parte de alguien a quien usted refiera de utilizar los Enlaces Especiales o de escribir incorrectamente su C\u00f3digo de Afiliado, incluso en la medida en que dicho incumplimiento pueda dar lugar a cualquier reducci\u00f3n de los importes que de otro modo se le pagar\u00edan en virtud del presente Acuerdo.<\/p>\n<p style=\"text-align: left;\">Los enlaces de afiliados deben apuntar a la p\u00e1gina del producto que se promociona.<\/p>\n<hr \/>\n<h3>Honorarios por referencia \/ comisiones y pago<\/h3>\n<p style=\"text-align: left;\" class=\"translation-block\">Para que la venta de un producto sea elegible para ganar un honorario por referencia, el cliente debe dar clic a trav\u00e9s de un enlace especial de su sitio, correo electr\u00f3nico u otras comunicaciones a https:\/\/www.cryptominerbros.com y completar una orden de un producto durante esa sesi\u00f3n.<\/p>\n<p style=\"text-align: left;\">Solo pagaremos comisiones en enlaces que son rastreados autom\u00e1ticamente y reportados por nuestros sistemas. No pagaremos comisiones si alguien dice que compraron o alguien dice que introdujeron un c\u00f3digo de referencia si no fue rastreado por nuestro sistema. Solo pagaremos comisiones en negocios generados a trav\u00e9s de enlaces especiales formateados que fueron rastreados autom\u00e1ticamente por nuestros sistemas.<\/p>\n<p style=\"text-align: left;\">Nos reservamos el derecho de descalificar las comisiones ganadas a trav\u00e9s de m\u00e9todos de venta o marketing fraudulentos, ilegales o demasiado agresivos y cuestionables.<\/p>\n<p style=\"text-align: left;\" class=\"translation-block\">Los pagos s\u00f3lo comienzan una vez que usted ha ganado m\u00e1s de $20 en ingresos de afiliados. Si su cuenta de afiliado nunca cruza el umbral de los 20$, sus comisiones no ser\u00e1n realizadas ni pagadas. S\u00f3lo somos responsables de pagar las cuentas que han cruzado el umbral de 20 d\u00f3lares.<\/p>\n<hr \/>\n<h3>Identific\u00e1ndose a usted mismo como un Afiliado de CRYPTOMINER BROS<\/h3>\n<p style=\"text-align: left;\" class=\"translation-block\">Usted no puede emitir ning\u00fan comunicado de prensa con respecto a este Acuerdo en su participaci\u00f3n en el Programa; dicha acci\u00f3n puede resultar en su terminaci\u00f3n del Programa. Adem\u00e1s, usted no puede tergiversar o adornar de ninguna manera la relaci\u00f3n entre nosotros y usted, decir que desarrolla nuestros productos, decir que forma parte de <strong>CRYPTOMINER BROS<\/strong> o expresar o implicar cualquier relaci\u00f3n o afiliaci\u00f3n entre nosotros y usted o cualquier otra persona o entidad, salvo lo expresamente permitido por este Acuerdo (incluso expresando o implicando que usted apoya, patrocina, respalda o contribuye dinero a cualquier caridad u otra causa).<\/p>\n<p style=\"text-align: left;\">Usted no puede comprar productos en sus enlaces de afiliado para su propio uso. Dichas compras pueden resultar (bajo nuestra sola discreci\u00f3n) en la retenci\u00f3n de honorarios por referencia y\/o la terminaci\u00f3n de este Acuerdo.<\/p>\n<hr \/>\n<h3>Programaci\u00f3n de pagos<\/h3>\n<p style=\"text-align: left;\" class=\"translation-block\">Siempre que sus ganancias actuales como afiliado sean mayores a 20$, se le pagar\u00e1 cada mes. Si no ha ganado $20 desde su \u00faltimo pago, le pagaremos el siguiente mes despu\u00e9s de que haya cruzado el umbral.<\/p>\n<hr \/>\n<h3>Definici\u00f3n de cliente<\/h3>\n<p style=\"text-align: left;\">Los clientes que compren productos a trav\u00e9s de este Programa ser\u00e1n considerados como nuestros clientes. De manera acorde, todas nuestras normas, pol\u00edticas y procedimientos operativos relativos a los pedidos de los clientes, el servicio al cliente y la venta de productos se aplicar\u00e1n a dichos clientes. Podr\u00edamos cambiar nuestras pol\u00edticas y procedimientos operativos en cualquier momento. Por ejemplo, determinaremos los precios que se cobrar\u00e1n por los productos vendidos bajo este Programa de acuerdo con nuestras propias pol\u00edticas de precios. Los precios y la disponibilidad de los productos pueden variar peri\u00f3dicamente. Debido a que los cambios en los precios pueden afectar a los Productos que usted haya incluido en su sitio web, no debe mostrar los precios de los productos en su sitio web. Haremos esfuerzos comercialmente razonables para presentar informaci\u00f3n precisa, pero no podemos garantizar la disponibilidad o el precio de ning\u00fan producto en particular.<\/p>\n<hr \/>\n<h3>Sus responsabilidades<\/h3>\n<p style=\"text-align: left;\">Usted ser\u00e1 exclusivamente responsable por el desarrollo, operaci\u00f3n y mantenimiento de su sitio y todos los materiales que aparezcan en su sitio. Por ejemplo, usted ser\u00e1 \u00fanicamente responsable por:<\/p>\n<ul>\n<li style=\"text-align: left;\">El funcionamiento t\u00e9cnico de su sitio y todo el equipo relacionado<\/li>\n<li style=\"text-align: left;\">La garant\u00eda de que la exhibici\u00f3n de los Enlaces Especiales en su sitio no infringe ning\u00fan acuerdo entre usted y un tercero (incluyendo, sin limitaci\u00f3n, cualquier restricci\u00f3n o requisito que le imponga un tercero que aloje su sitio)<\/li>\n<li style=\"text-align: left;\">La exactitud, veracidad y adecuaci\u00f3n de los materiales publicados en su sitio (incluyendo, entre otras cosas, todos los materiales relacionados con el Producto y cualquier informaci\u00f3n que usted incluya dentro de los Enlaces Especiales o los asocie con ellos)<\/li>\n<li style=\"text-align: left;\">La garant\u00eda de que los materiales publicados en su sitio no violan ni infringe los derechos de terceros (incluidos, por ejemplo, los derechos de autor, las marcas comerciales, la privacidad u otros derechos personales o de propiedad)<\/li>\n<li style=\"text-align: left;\">Garantizar que los materiales publicados en su sitio no son difamatorios ni ilegales por otros motivos.<\/li>\n<li style=\"text-align: left;\">Garantizar que su sitio web revela de manera precisa y adecuada, ya sea a trav\u00e9s de una pol\u00edtica de privacidad o de otro modo, c\u00f3mo recopila, utiliza, almacena y divulga los datos recogidos de los visitantes, incluyendo, en su caso, que terceros (incluidos los anunciantes) puedan servir contenidos y\/o anuncios y recopilar informaci\u00f3n directamente de los visitantes y pueden colocar o reconocer cookies en los navegadores de los visitantes.<\/li>\n<\/ul>\n<hr \/>\n<h3>Cumplimiento con las leyes<\/h3>\n<p style=\"text-align: left;\">Como condici\u00f3n de su participaci\u00f3n en el Programa, usted est\u00e1 de acuerdo que mientras sea un participante del Programa usted cumplir\u00e1 con todas las leyes, ordenanzas, reglas, regulaciones, \u00f3rdenes, licencias, permisos, juicios, decisiones u otros requisitos de cualquier autoridad gubernamental que tenga jurisdicci\u00f3n sobre usted, tanto si esas leyes, etc., est\u00e1n ahora en vigor como si entran posteriormente en vigor durante el tiempo en que usted es un participante del Programa. Sin limitar la obligaci\u00f3n anterior, usted acepta que, como condici\u00f3n de su participaci\u00f3n en el Programa, cumplir\u00e1 con todas las leyes aplicables (federales, estatales o de otro tipo) que rigen el correo electr\u00f3nico de marketing, incluyendo, sin limitaci\u00f3n, la Ley CAN-SPAM de 2003 y todas las dem\u00e1s leyes anti-spam.<\/p>\n<hr \/>\n<h3>T\u00e9rmino del acuerdo y programa<\/h3>\n<p style=\"text-align: left;\" class=\"translation-block\">La vigencia de este Acuerdo comenzar\u00e1 cuando aceptemos su solicitud de participaci\u00f3n en el Programa y finalizar\u00e1 cuando cualquiera de las partes lo termine. Tanto usted como nosotros podemos terminar el presente Acuerdo en cualquier momento, con o sin causa, mediante una notificaci\u00f3n por escrito a la otra parte. Tras la terminaci\u00f3n de este Acuerdo por cualquier motivo, usted dejar\u00e1 de utilizar inmediatamente y eliminar\u00e1 de su sitio web todos los enlaces a <strong>https:\/\/www.cryptominerbros.com\/<\/strong>, as\u00ed como todas nuestras marcas registradas, im\u00e1genes comerciales y logotipos, y todos los dem\u00e1s materiales que le hayamos proporcionado, o que le hayamos proporcionado en nuestro nombre, en virtud del presente Acuerdo o en relaci\u00f3n con el Programa. <strong>CRYPTOMINER BROS<\/strong> se reserva el derecho de finalizar el Programa en cualquier momento. Tras la finalizaci\u00f3n del programa, <strong>CRYPTOMINER BROS<\/strong> pagar\u00e1 cualquier ganancia pendiente acumulada por encima de <strong>20 d\u00f3lares<\/strong>.<\/p>\n<hr \/>\n<h3>Terminaci\u00f3n<\/h3>\n<p style=\"text-align: left;\" class=\"translation-block\"><strong>CRYPTOMINER BROS<\/strong>, bajo su \u00fanica discreci\u00f3n, tiene el derecho de suspender o terminar su cuenta y rechazar cualquier uso futuro del Programa u otro servicio de <strong>CRYPTOMINER BROS<\/strong>, por cualquier raz\u00f3n, en cualquier momento. Dicha terminaci\u00f3n del servicio resultar\u00e1 en la desactivaci\u00f3n o eliminaci\u00f3n de su Cuenta o el acceso a su Cuenta y el decomiso y la renuncia de todas las comisiones potenciales o por pagar en su Cuenta si se ganaron a trav\u00e9s de m\u00e9todos de venta o marketing fraudulentos, ilegales o demasiado agresivos y cuestionables. <strong>CRYPTOMINER BROS<\/strong> se reserva el derecho de rechazar el servicio a cualquier persona por cualquier motivo y en cualquier momento.<\/p>\n<hr \/>\n<h3>Relaci\u00f3n de las partes<\/h3>\n<p style=\"text-align: left;\">Usted y nosotros somos contratistas independientes y nada en este Acuerdo crear\u00e1 ninguna sociedad, empresa conjunta, agencia, franquicia, representante de ventas o relaci\u00f3n laboral entre las partes. Usted no tendr\u00e1 autoridad para hacer o aceptar ninguna oferta o representaci\u00f3n en nuestro nombre. Usted no har\u00e1 ninguna declaraci\u00f3n, ya sea en su sitio o de otra manera, que razonablemente contradiga cualquier cosa en esta Secci\u00f3n.<\/p>\n<hr \/>\n<h3>Limitaciones de responsabilidad<\/h3>\n<p style=\"text-align: left;\">No seremos responsables por da\u00f1os indirectos, especiales o consecuentes (o cualquier p\u00e9rdida de ingresos, beneficios o datos) que surjan en relaci\u00f3n con este Acuerdo o el Programa, incluso si hemos sido advertidos de la posibilidad de tales da\u00f1os. Adem\u00e1s, nuestra responsabilidad agregada que surja con respecto a este Acuerdo y el Programa no exceder\u00e1 el total de las tarifas de referencia pagadas o pagaderas a usted bajo este Acuerdo.<\/p>\n<hr \/>\n<h3>Descargo de responsabilidad<\/h3>\n<p style=\"text-align: left;\" class=\"translation-block\">No hacemos garant\u00edas o representaciones expresas con respecto al Programa o cualquier producto vendido a trav\u00e9s del Programa (incluyendo sin limitaci\u00f3n, garant\u00edas de idoneidad, comerciabilidad, no infracci\u00f3n o cualquier garant\u00eda impl\u00edcita que surja de un curso de ejecuci\u00f3n, trato o uso comercial). Adem\u00e1s, no garantizamos que el funcionamiento de <strong>CRYPTOMINER BROS<\/strong> sea ininterrumpido o est\u00e9 libre de errores, y no seremos responsables de las consecuencias de cualquier interrupci\u00f3n o error.<\/p>\n<hr \/>\n<h3>Investigaci\u00f3n independiente<\/h3>\n<p style=\"text-align: left;\">USTED RECONOCE QUE HA LE\u00cdDO ESTE ACUERDO Y ACEPTA TODOS SUS T\u00c9RMINOS Y CONDICIONES. USTED ENTIENDE QUE PODR\u00cdAMOS EN CUALQUIER MOMENTO (DIRECTA E INDIRECTAMENTE ) SOLICITAR REFERENCIAS DE CLIENTE EN T\u00c9RMINOS QUE PUEDAN DIFERIR DE AQUELLOS CONTENIDOS EN ESTE ACUERDO U OPERAR SITIOS WEB QUE SEAN SIMILARES O COMPITAN CON SU SITIO WEB. USTED HA EVALUADO DE FORMA INDEPENDIENTE LA CONVENIENCIA DE PARTICIPAR EN EL PROGRAMA Y NO SE BASA EN NINGUNA REPRESENTACI\u00d3N, GARANT\u00cdA O DECLARACI\u00d3N QUE NO SEA LA ESTABLECIDA EN ESTE ACUERDO.<\/p>\n<hr \/>\n<h3>Arbitraje<\/h3>\n<p style=\"text-align: left;\">Cualquier disputa relacionada de cualquier manera en este Acuerdo (incluyendo cualquier incumplimiento real o presunto del mismo), cualquier transacci\u00f3n o actividad en virtud de este Acuerdo o su relaci\u00f3n con nosotros o con cualquiera de nuestros afiliados se someter\u00e1 a un arbitraje confidencial, salvo que, en la medida en que usted haya violado o amenazado con violar nuestros derechos de propiedad intelectual, podremos solicitar una medida cautelar u otra reparaci\u00f3n adecuada en cualquier tribunal estatal o federal (y usted acepta la jurisdicci\u00f3n no exclusiva y la competencia de dichos tribunales) o en cualquier otro tribunal de jurisdicci\u00f3n competente. El arbitraje en virtud de este acuerdo se llevar\u00e1 a cabo seg\u00fan las normas vigentes en ese momento de la Asociaci\u00f3n Americana de Arbitraje. El laudo arbitral ser\u00e1 vinculante y podr\u00e1 presentarse como sentencia en cualquier tribunal de jurisdicci\u00f3n competente. En la medida en que lo permita la legislaci\u00f3n aplicable, ning\u00fan arbitraje en virtud de este acuerdo se unir\u00e1 a un arbitraje que implique a cualquier otra parte sujeta a este acuerdo, ya sea a trav\u00e9s de procedimientos de arbitraje colectivo o de otro tipo.<\/p>\n<hr \/>\n<h3>Varios<\/h3>\n<p style=\"text-align: left;\">Este acuerdo ser\u00e1 gobernado por las leyes de los Estados Unidos, sin referencia a las a las reglas que rigen la elecci\u00f3n de las leyes. Usted no puede ceder este Acuerdo, por efecto de la ley o de otro modo, sin nuestro consentimiento previo por escrito. Sujeto a esta restricci\u00f3n, el presente Acuerdo ser\u00e1 vinculante, redundar\u00e1 en beneficio de las partes y de sus respectivos sucesores y cesionarios y ser\u00e1 exigible frente a ellos. El hecho de que no exijamos el estricto cumplimiento de alguna de las disposiciones de este Acuerdo no constituir\u00e1 una renuncia a nuestro derecho a exigir posteriormente el cumplimiento de dicha disposici\u00f3n o de cualquier otra disposici\u00f3n de este Acuerdo.<\/p>\n<p style=\"text-align: left;\" class=\"translation-block\">El fallo de <strong>CRYPTOMINER BROS<\/strong> de ejercer o aplicar cualquier derecho o disposici\u00f3n de las Condiciones de Servicio no constituir\u00e1 una renuncia a dicho derecho o disposici\u00f3n. Las Condiciones del Servicio constituyen el acuerdo completo entre usted y <strong>CRYPTOMINER BROS<\/strong> y rigen su uso del Servicio, sustituyendo cualquier acuerdo anterior entre usted y <strong>CRYPTOMINER BROS<\/strong> (incluyendo, pero no limitado a, cualquier versi\u00f3n anterior de los T\u00e9rminos de Servicio).<\/p>\n<hr \/>\n<p style=\"text-align: left;\">","protected":false},"excerpt":{"rendered":"Terms and Conditions CRYPTOMINER BROS Affiliate Program Terms of Service Agreement By signing up to be an Affiliate in the CRYPTOMINER BROS Affiliate Program (&#8220;Program&#8221;) you are agreeing to be bound by the following terms and conditions (&#8220;Terms of Service&#8221;). CRYPTOMINER BROS reserves the right to update and change the Terms of Service from time&#8230; <a class=\"view-article\" href=\"https:\/\/www.cryptominerbros.com\/es\/terms-and-conditions\/\">View Article<\/a>","protected":false},"author":2993,"featured_media":0,"parent":0,"menu_order":21,"comment_status":"closed","ping_status":"closed","template":"","meta":{"_acf_changed":false,"content-type":"","footnotes":""},"class_list":["post-2280","page","type-page","status-publish","hentry"],"acf":[],"_links":{"self":[{"href":"https:\/\/www.cryptominerbros.com\/es\/wp-json\/wp\/v2\/pages\/2280","targetHints":{"allow":["GET"]}}],"collection":[{"href":"https:\/\/www.cryptominerbros.com\/es\/wp-json\/wp\/v2\/pages"}],"about":[{"href":"https:\/\/www.cryptominerbros.com\/es\/wp-json\/wp\/v2\/types\/page"}],"author":[{"embeddable":true,"href":"https:\/\/www.cryptominerbros.com\/es\/wp-json\/wp\/v2\/users\/2993"}],"replies":[{"embeddable":true,"href":"https:\/\/www.cryptominerbros.com\/es\/wp-json\/wp\/v2\/comments?post=2280"}],"version-history":[{"count":5,"href":"https:\/\/www.cryptominerbros.com\/es\/wp-json\/wp\/v2\/pages\/2280\/revisions"}],"predecessor-version":[{"id":43563,"href":"https:\/\/www.cryptominerbros.com\/es\/wp-json\/wp\/v2\/pages\/2280\/revisions\/43563"}],"wp:attachment":[{"href":"https:\/\/www.cryptominerbros.com\/es\/wp-json\/wp\/v2\/media?parent=2280"}],"curies":[{"name":"wp","href":"https:\/\/api.w.org\/{rel}","templated":true}]}}