{"id":20757,"date":"2023-06-26T19:53:19","date_gmt":"2023-06-26T14:23:19","guid":{"rendered":"https:\/\/www.cryptominerbros.com\/?page_id=20757"},"modified":"2024-09-30T15:10:19","modified_gmt":"2024-09-30T09:40:19","slug":"hashrate-converter","status":"publish","type":"page","link":"https:\/\/www.cryptominerbros.com\/es\/hashrate-converter\/","title":{"rendered":"Convertidor de Tasa de Hash para Miner\u00eda de Criptomonedas"},"content":{"rendered":"<h4 style=\"text-align: left;\">\u00bfC\u00f3mo ayudar\u00e1 este convertidor de tasa de hash de miner\u00eda?<\/h4>\n<p style=\"text-align: left;\">El convertidor de tasa de hash de miner\u00eda te permitir\u00e1 convertir hashes a KiloHash, MegaHash, GigaHash, TeraHash, PetaHash, ExaHash y viceversa. Por ejemplo, si tu ASIC tiene una tasa de hash m\u00e1xima de 8Th\/s, puedes convertir la tasa de hash a otras unidades. De esta manera, puedes compararla r\u00e1pidamente con la tasa de hash total de la red y minar eficientemente.<\/p>\n<h4 style=\"text-align: left;\">\u00bfC\u00f3mo usar la calculadora de hashrate para la miner\u00eda de criptomonedas?<\/h4>\n<p style=\"text-align: left;\">Tienes que simplemente ingresar la potencia de hash de tu hardware de miner\u00eda. El convertidor lo convertir\u00e1 inmediatamente a todas las otras unidades. Tomemos un ejemplo en tiempo real. Un minero premium de Bitcoin de Bitmain, Antminer S19k Pro, tiene una tasa de hash m\u00e1xima de 136Th\/s. Ahora, supongamos que est\u00e1s participando en la miner\u00eda de criptomonedas a trav\u00e9s de un grupo de miner\u00eda donde las tasas de hash se miden en Gh\/s u cualquier otra unidad. Esta pr\u00e1ctica calculadora te ayudar\u00e1 precisamente con eso. Solo ingresa 136Th\/s y obtendr\u00e1s los valores equivalentes en todas las unidades con un clic. Aqu\u00ed tienes una ilustraci\u00f3n de imagen para tu referencia.<\/p>\n<p style=\"text-align: left;\">Como sabes, cuanto mayor sea la tasa de hash, mejores ser\u00e1n las posibilidades de minar un nuevo bloque.<\/p>\n<p style=\"text-align: left;\" class=\"translation-block\"><strong>Referencia r\u00e1pida:<\/strong> Dado que la tasa de hash var\u00eda con cada algoritmo de miner\u00eda, los mineros deben ingresar la m\u00e9trica correcta al utilizar la calculadora de conversi\u00f3n. Por ejemplo, Dogecoin utiliza el algoritmo Scrypt y su tasa de hash se mide en Gh\/s. Pero la otra criptomoneda Zcash utiliza el algoritmo Equihash y su dificultad se mide en ksol\/s. Por lo tanto, se recomienda verificar dos veces las m\u00e9tricas del algoritmo de miner\u00eda antes de usar el conversor para evitar confusiones.<\/p>\n<p><img decoding=\"async\" class=\"alignnone wp-image-21705 size-large\" src=\"https:\/\/www.cryptominerbros.com\/wp-content\/uploads\/2023\/08\/Hashrate-Conversion-Table-700x415.png\" alt=\"Hashrate conversion table - Crypto Mining Hashrate Converter\" width=\"700\" height=\"415\" srcset=\"https:\/\/www.cryptominerbros.com\/wp-content\/uploads\/2023\/08\/Hashrate-Conversion-Table-700x415.png 700w, https:\/\/www.cryptominerbros.com\/wp-content\/uploads\/2023\/08\/Hashrate-Conversion-Table-250x148.png 250w, https:\/\/www.cryptominerbros.com\/wp-content\/uploads\/2023\/08\/Hashrate-Conversion-Table-768x455.png 768w, https:\/\/www.cryptominerbros.com\/wp-content\/uploads\/2023\/08\/Hashrate-Conversion-Table-18x12.png 18w, https:\/\/www.cryptominerbros.com\/wp-content\/uploads\/2023\/08\/Hashrate-Conversion-Table-120x71.png 120w, https:\/\/www.cryptominerbros.com\/wp-content\/uploads\/2023\/08\/Hashrate-Conversion-Table-570x338.png 570w, https:\/\/www.cryptominerbros.com\/wp-content\/uploads\/2023\/08\/Hashrate-Conversion-Table.png 860w\" sizes=\"(max-width: 700px) 100vw, 700px\" \/><\/p>\n<h4 style=\"text-align: left;\">Unidades diferentes en la miner\u00eda de criptomonedas explicadas<\/h4>\n<p style=\"text-align: left;\">Todas las unidades mencionadas anteriormente son m\u00e9tricas comunes utilizadas para medir las tasas de hash de miner\u00eda. Una tasa de hash no es m\u00e1s que la velocidad a la que la m\u00e1quina minera crea un nuevo bloque. Las tasas de hash de miner\u00eda se miden en varias unidades m\u00e9tricas est\u00e1ndar como kH\/s, MH\/s, GH\/s, TH\/s, PH\/s, EH\/s, etc., seg\u00fan el algoritmo de miner\u00eda.<\/p>\n<ul>\n<li style=\"text-align: left;\">kH\/s (Kilo Hash per Second) = 1 000 H\/s<\/li>\n<li style=\"text-align: left;\">MH\/s (Mega Hash per Second) = 1 000 000 H\/s<\/li>\n<li style=\"text-align: left;\">GH\/s (Giga Hash per Second) = 1 000 000 000 H\/s<\/li>\n<li style=\"text-align: left;\">TH\/s (Tera Hash per Second) = 1 000 000 000 000 H\/s<\/li>\n<\/ul>","protected":false},"excerpt":{"rendered":"How will this Mining Hashrate Converter help? The mining hashrate converter\/ hash power converter will let you convert hashes to KiloHash, MegaHash, GigaHash, TeraHash, PetaHash, ExaHash, and vice versa. For instance, if your ASIC has a maximum hashrate of 8Th\/s, you can convert the hashrate to other units. Thus you can quickly compare it with&#8230; <a class=\"view-article\" href=\"https:\/\/www.cryptominerbros.com\/es\/hashrate-converter\/\">View Article<\/a>","protected":false},"author":2993,"featured_media":21705,"parent":0,"menu_order":0,"comment_status":"closed","ping_status":"closed","template":"page-template\/hashrate-converter.php","meta":{"_acf_changed":false,"content-type":"","footnotes":""},"class_list":["post-20757","page","type-page","status-publish","has-post-thumbnail","hentry"],"acf":[],"_links":{"self":[{"href":"https:\/\/www.cryptominerbros.com\/es\/wp-json\/wp\/v2\/pages\/20757","targetHints":{"allow":["GET"]}}],"collection":[{"href":"https:\/\/www.cryptominerbros.com\/es\/wp-json\/wp\/v2\/pages"}],"about":[{"href":"https:\/\/www.cryptominerbros.com\/es\/wp-json\/wp\/v2\/types\/page"}],"author":[{"embeddable":true,"href":"https:\/\/www.cryptominerbros.com\/es\/wp-json\/wp\/v2\/users\/2993"}],"replies":[{"embeddable":true,"href":"https:\/\/www.cryptominerbros.com\/es\/wp-json\/wp\/v2\/comments?post=20757"}],"version-history":[{"count":1,"href":"https:\/\/www.cryptominerbros.com\/es\/wp-json\/wp\/v2\/pages\/20757\/revisions"}],"predecessor-version":[{"id":31952,"href":"https:\/\/www.cryptominerbros.com\/es\/wp-json\/wp\/v2\/pages\/20757\/revisions\/31952"}],"wp:featuredmedia":[{"embeddable":true,"href":"https:\/\/www.cryptominerbros.com\/es\/wp-json\/wp\/v2\/media\/21705"}],"wp:attachment":[{"href":"https:\/\/www.cryptominerbros.com\/es\/wp-json\/wp\/v2\/media?parent=20757"}],"curies":[{"name":"wp","href":"https:\/\/api.w.org\/{rel}","templated":true}]}}